{"id":1052,"date":"2021-02-23T20:56:21","date_gmt":"2021-02-23T20:56:21","guid":{"rendered":"https:\/\/quant.aretis.ch\/?page_id=1052"},"modified":"2025-11-04T13:47:49","modified_gmt":"2025-11-04T13:47:49","slug":"impressum","status":"publish","type":"page","link":"https:\/\/quant-boats.com\/en\/impressum\/","title":{"rendered":"Imprint"},"content":{"rendered":"<div data-elementor-type=\"wp-page\" data-elementor-id=\"1052\" class=\"elementor elementor-1052\" data-elementor-post-type=\"page\">\n\t\t\t\t\t\t<section class=\"elementor-section elementor-top-section elementor-element elementor-element-8ed1be5 elementor-section-boxed elementor-section-height-default elementor-section-height-default\" data-id=\"8ed1be5\" data-element_type=\"section\">\n\t\t\t\t\t\t<div class=\"elementor-container elementor-column-gap-default\">\n\t\t\t\t\t<div class=\"elementor-column elementor-col-100 elementor-top-column elementor-element elementor-element-3640e09\" data-id=\"3640e09\" data-element_type=\"column\">\n\t\t\t<div class=\"elementor-widget-wrap elementor-element-populated\">\n\t\t\t\t\t\t<div class=\"elementor-element elementor-element-3d36dca elementor-widget elementor-widget-heading\" data-id=\"3d36dca\" data-element_type=\"widget\" data-widget_type=\"heading.default\">\n\t\t\t\t<div class=\"elementor-widget-container\">\n\t\t\t\t\t<h1 class=\"elementor-heading-title elementor-size-default\">Imprint<\/h1>\t\t\t\t<\/div>\n\t\t\t\t<\/div>\n\t\t\t\t<div class=\"elementor-element elementor-element-583e0bc elementor-widget elementor-widget-text-editor\" data-id=\"583e0bc\" data-element_type=\"widget\" data-widget_type=\"text-editor.default\">\n\t\t\t\t<div class=\"elementor-widget-container\">\n\t\t\t\t\t\t\t\t\t<p><strong>QUANTBOATS AG<\/strong><br \/>Alpenquai 13<br \/>CH - 6005 Lucerne<\/p><p><strong>Managing partners<\/strong><br \/>Max Schmid<br \/>Mobile: +41 (0)79 340 44 22<br \/>Michael Aeppli<br \/>Mobile: +41 (0)79 623 77 03<br \/>info@quant-boats.com<\/p><p><strong>Commercial Register<\/strong><br \/>Registered company name: QUANTBOATS AG<br \/>UID: CHE-488.204.785<br \/>Commercial register: Canton Lucerne<br \/>Sales tax identification number: CHE-488.204.785 VAT<\/p><p><strong>Disclaimer<\/strong><br \/>QUANTBOATS AG reserves the right not to be responsible for the topicality, correctness, completeness or quality of the information provided. Liability claims regarding damage caused by the use of any information provided, including any kind of information which is incomplete or incorrect, will therefore be rejected.<br \/>All offers are non-binding. QUANTBOATS AG expressly reserves the right to change, supplement, delete or temporarily or permanently cease publication of parts of the pages or the entire offer without separate announcement.<\/p><p><strong>Liability for links<\/strong><br \/>References and links to third party websites are outside our area of responsibility.<br \/>QUANTBOATS AG disclaims any responsibility for such websites.<br \/>Access and use of such websites is at your own risk.<\/p><p><strong>Copyright<\/strong><br \/>The copyright and all other rights to the content, images, photos or other files on the website belong exclusively to QUANTBOATS AG and \/ or the shareholders of QUANTBOATS AG or the expressly mentioned legal owners.<br \/>The reproduction of elements requires the prior written consent of the copyright holder.<\/p><p><strong>Website \/ Web agency<\/strong><br \/>Verantwortlich f\u00fcr die Programmierung und Umsetzung der Webseite ist folgende Luzerner Webagentur verantwortlich:<\/p><p>aretis\u00ae<br \/>Bundesplatz 10\u00a0<br \/>6004 Luzern\u00a0<br \/>Telefon: 041 227 20 40<br \/>Web: <a href=\"https:\/\/www.aretis.ch\/leistungen\/webdesign-luzern\/\">Webdesign-Agentur aretis<\/a><\/p>\t\t\t\t\t\t\t\t<\/div>\n\t\t\t\t<\/div>\n\t\t\t\t\t<\/div>\n\t\t<\/div>\n\t\t\t\t\t<\/div>\n\t\t<\/section>\n\t\t\t\t<\/div>","protected":false},"excerpt":{"rendered":"<p>Impressum QUANTBOATS AGAlpenquai 13CH &#8211; 6005 Lucerne Managing PartnersMax SchmidMobile: +41 (0)79 340 44 22Michael AeppliMobile: +41 (0)79 623 77 03info@quant-boats.com HandelsregisterEingetragener Firmenname: QUANTBOATS AGUID: CHE-488.204.785Handelsregister: Kanton LuzernUmsatzsteuer-Identifikationsnummer: CHE-488.204.785 MwSt HaftungsausschlussQUANTBOATS AG \u00fcbernimmt keinerlei Gew\u00e4hr f\u00fcr die Aktualit\u00e4t, Korrektheit, Vollst\u00e4ndigkeit oder Qualit\u00e4t der bereitgestellten Informationen. Haftungsanspr\u00fcche gegen die QUANTBOATS AG wegen Sch\u00e4den materieller oder immaterieller [&hellip;]<\/p>\n","protected":false},"author":1,"featured_media":0,"parent":0,"menu_order":0,"comment_status":"closed","ping_status":"closed","template":"elementor_header_footer","meta":{"_seopress_robots_primary_cat":"","_seopress_titles_title":"Impressum QuantBoats AG - Luzern - Schweiz","_seopress_titles_desc":"Impressum der QuantBoats AG Alpenquai 13, 6005 Luzern \/ Schweiz. Managing Partners: Max Schmid und Michael Aeppli.","_seopress_robots_index":"","footnotes":""},"folder":[],"class_list":["post-1052","page","type-page","status-publish","hentry"],"_links":{"self":[{"href":"https:\/\/quant-boats.com\/en\/wp-json\/wp\/v2\/pages\/1052","targetHints":{"allow":["GET"]}}],"collection":[{"href":"https:\/\/quant-boats.com\/en\/wp-json\/wp\/v2\/pages"}],"about":[{"href":"https:\/\/quant-boats.com\/en\/wp-json\/wp\/v2\/types\/page"}],"author":[{"embeddable":true,"href":"https:\/\/quant-boats.com\/en\/wp-json\/wp\/v2\/users\/1"}],"replies":[{"embeddable":true,"href":"https:\/\/quant-boats.com\/en\/wp-json\/wp\/v2\/comments?post=1052"}],"version-history":[{"count":8,"href":"https:\/\/quant-boats.com\/en\/wp-json\/wp\/v2\/pages\/1052\/revisions"}],"predecessor-version":[{"id":5011,"href":"https:\/\/quant-boats.com\/en\/wp-json\/wp\/v2\/pages\/1052\/revisions\/5011"}],"wp:attachment":[{"href":"https:\/\/quant-boats.com\/en\/wp-json\/wp\/v2\/media?parent=1052"}],"wp:term":[{"taxonomy":"folder","embeddable":true,"href":"https:\/\/quant-boats.com\/en\/wp-json\/wp\/v2\/folder?post=1052"}],"curies":[{"name":"wp","href":"https:\/\/api.w.org\/{rel}","templated":true}]}}