{"id":1174,"date":"2021-02-23T22:35:50","date_gmt":"2021-02-23T22:35:50","guid":{"rendered":"https:\/\/quant.aretis.ch\/qfx-copy\/"},"modified":"2021-06-18T09:17:20","modified_gmt":"2021-06-18T09:17:20","slug":"quantgt","status":"publish","type":"page","link":"https:\/\/quant-boats.com\/en\/quantgt\/","title":{"rendered":"Project Quant GT"},"content":{"rendered":"<div data-elementor-type=\"wp-page\" data-elementor-id=\"1174\" class=\"elementor elementor-1174\" data-elementor-post-type=\"page\">\n\t\t\t\t\t\t<section class=\"elementor-section elementor-top-section elementor-element elementor-element-eb29da7 elementor-section-boxed elementor-section-height-default elementor-section-height-default\" data-id=\"eb29da7\" data-element_type=\"section\" data-settings=\"{&quot;background_background&quot;:&quot;classic&quot;}\">\n\t\t\t\t\t\t<div class=\"elementor-container elementor-column-gap-default\">\n\t\t\t\t\t<div class=\"elementor-column elementor-col-100 elementor-top-column elementor-element elementor-element-8f10967\" data-id=\"8f10967\" data-element_type=\"column\" data-settings=\"{&quot;background_background&quot;:&quot;classic&quot;}\">\n\t\t\t<div class=\"elementor-widget-wrap elementor-element-populated\">\n\t\t\t\t\t\t<section class=\"elementor-section elementor-inner-section elementor-element elementor-element-8b5d75d elementor-section-boxed elementor-section-height-default elementor-section-height-default\" data-id=\"8b5d75d\" data-element_type=\"section\">\n\t\t\t\t\t\t<div class=\"elementor-container elementor-column-gap-default\">\n\t\t\t\t\t<div class=\"elementor-column elementor-col-100 elementor-inner-column elementor-element elementor-element-70f296e\" data-id=\"70f296e\" data-element_type=\"column\">\n\t\t\t<div class=\"elementor-widget-wrap elementor-element-populated\">\n\t\t\t\t\t\t<div class=\"elementor-element elementor-element-31cf4f9 elementor-widget elementor-widget-heading\" data-id=\"31cf4f9\" data-element_type=\"widget\" data-widget_type=\"heading.default\">\n\t\t\t\t<div class=\"elementor-widget-container\">\n\t\t\t\t\t<h2 class=\"elementor-heading-title elementor-size-default\">Projects we have implemented <\/h2>\t\t\t\t<\/div>\n\t\t\t\t<\/div>\n\t\t\t\t\t<\/div>\n\t\t<\/div>\n\t\t\t\t\t<\/div>\n\t\t<\/section>\n\t\t\t\t<section class=\"elementor-section elementor-inner-section elementor-element elementor-element-bb568df elementor-section-boxed elementor-section-height-default elementor-section-height-default\" data-id=\"bb568df\" data-element_type=\"section\">\n\t\t\t\t\t\t<div class=\"elementor-container elementor-column-gap-default\">\n\t\t\t\t\t<div class=\"elementor-column elementor-col-100 elementor-inner-column elementor-element elementor-element-2d48734\" data-id=\"2d48734\" data-element_type=\"column\">\n\t\t\t<div class=\"elementor-widget-wrap elementor-element-populated\">\n\t\t\t\t\t\t<div class=\"elementor-element elementor-element-b9c0145 elementor-widget__width-initial elementor-align-center full-width-button elementor-widget-mobile__width-initial elementor-widget elementor-widget-button\" data-id=\"b9c0145\" data-element_type=\"widget\" data-widget_type=\"button.default\">\n\t\t\t\t<div class=\"elementor-widget-container\">\n\t\t\t\t\t\t\t\t\t<div class=\"elementor-button-wrapper\">\n\t\t\t\t\t<a class=\"elementor-button elementor-button-link elementor-size-xl\" href=\"https:\/\/quant-boats.com\/en\/projektentwicklung\/\">\n\t\t\t\t\t\t<span class=\"elementor-button-content-wrapper\">\n\t\t\t\t\t\t\t\t\t<span class=\"elementor-button-text\">INTRO<\/span>\n\t\t\t\t\t<\/span>\n\t\t\t\t\t<\/a>\n\t\t\t\t<\/div>\n\t\t\t\t\t\t\t\t<\/div>\n\t\t\t\t<\/div>\n\t\t\t\t<div class=\"elementor-element elementor-element-f5fca4c elementor-widget__width-initial elementor-align-center full-width-button elementor-widget-mobile__width-initial elementor-widget elementor-widget-button\" data-id=\"f5fca4c\" data-element_type=\"widget\" data-widget_type=\"button.default\">\n\t\t\t\t<div class=\"elementor-widget-container\">\n\t\t\t\t\t\t\t\t\t<div class=\"elementor-button-wrapper\">\n\t\t\t\t\t<a class=\"elementor-button elementor-button-link elementor-size-xl\" href=\"https:\/\/quant-boats.com\/en\/quant28\/\">\n\t\t\t\t\t\t<span class=\"elementor-button-content-wrapper\">\n\t\t\t\t\t\t\t\t\t<span class=\"elementor-button-text\">Quant 28<\/span>\n\t\t\t\t\t<\/span>\n\t\t\t\t\t<\/a>\n\t\t\t\t<\/div>\n\t\t\t\t\t\t\t\t<\/div>\n\t\t\t\t<\/div>\n\t\t\t\t<div class=\"elementor-element elementor-element-bf0e05e elementor-widget__width-initial elementor-align-center full-width-button elementor-widget-mobile__width-initial elementor-widget elementor-widget-button\" data-id=\"bf0e05e\" data-element_type=\"widget\" data-widget_type=\"button.default\">\n\t\t\t\t<div class=\"elementor-widget-container\">\n\t\t\t\t\t\t\t\t\t<div class=\"elementor-button-wrapper\">\n\t\t\t\t\t<a class=\"elementor-button elementor-button-link elementor-size-xl\" href=\"https:\/\/quant-boats.com\/en\/quant30\/\">\n\t\t\t\t\t\t<span class=\"elementor-button-content-wrapper\">\n\t\t\t\t\t\t\t\t\t<span class=\"elementor-button-text\">Quant 30<\/span>\n\t\t\t\t\t<\/span>\n\t\t\t\t\t<\/a>\n\t\t\t\t<\/div>\n\t\t\t\t\t\t\t\t<\/div>\n\t\t\t\t<\/div>\n\t\t\t\t<div class=\"elementor-element elementor-element-1c6982a elementor-widget__width-initial elementor-align-center full-width-button elementor-widget-mobile__width-initial elementor-widget elementor-widget-button\" data-id=\"1c6982a\" data-element_type=\"widget\" data-widget_type=\"button.default\">\n\t\t\t\t<div class=\"elementor-widget-container\">\n\t\t\t\t\t\t\t\t\t<div class=\"elementor-button-wrapper\">\n\t\t\t\t\t<a class=\"elementor-button elementor-button-link elementor-size-xl\" href=\"https:\/\/quant-boats.com\/en\/projekt-quant23\/\">\n\t\t\t\t\t\t<span class=\"elementor-button-content-wrapper\">\n\t\t\t\t\t\t\t\t\t<span class=\"elementor-button-text\">Quant 23<\/span>\n\t\t\t\t\t<\/span>\n\t\t\t\t\t<\/a>\n\t\t\t\t<\/div>\n\t\t\t\t\t\t\t\t<\/div>\n\t\t\t\t<\/div>\n\t\t\t\t\t<\/div>\n\t\t<\/div>\n\t\t\t\t\t<\/div>\n\t\t<\/section>\n\t\t\t\t<section class=\"elementor-section elementor-inner-section elementor-element elementor-element-c1bc4cc elementor-section-boxed elementor-section-height-default elementor-section-height-default\" data-id=\"c1bc4cc\" data-element_type=\"section\">\n\t\t\t\t\t\t<div class=\"elementor-container elementor-column-gap-default\">\n\t\t\t\t\t<div class=\"elementor-column elementor-col-100 elementor-inner-column elementor-element elementor-element-7dc8d94\" data-id=\"7dc8d94\" data-element_type=\"column\">\n\t\t\t<div class=\"elementor-widget-wrap elementor-element-populated\">\n\t\t\t\t\t\t<div class=\"elementor-element elementor-element-0f769b6 elementor-widget__width-initial elementor-align-center full-width-button elementor-widget-mobile__width-initial elementor-widget elementor-widget-button\" data-id=\"0f769b6\" data-element_type=\"widget\" data-widget_type=\"button.default\">\n\t\t\t\t<div class=\"elementor-widget-container\">\n\t\t\t\t\t\t\t\t\t<div class=\"elementor-button-wrapper\">\n\t\t\t\t\t<a class=\"elementor-button elementor-button-link elementor-size-xl\" href=\"https:\/\/quant-boats.com\/en\/quant17\/\">\n\t\t\t\t\t\t<span class=\"elementor-button-content-wrapper\">\n\t\t\t\t\t\t\t\t\t<span class=\"elementor-button-text\">Quant 17<\/span>\n\t\t\t\t\t<\/span>\n\t\t\t\t\t<\/a>\n\t\t\t\t<\/div>\n\t\t\t\t\t\t\t\t<\/div>\n\t\t\t\t<\/div>\n\t\t\t\t<div class=\"elementor-element elementor-element-b8351f9 elementor-widget__width-initial elementor-align-center full-width-button elementor-widget-mobile__width-initial elementor-widget elementor-widget-button\" data-id=\"b8351f9\" data-element_type=\"widget\" data-widget_type=\"button.default\">\n\t\t\t\t<div class=\"elementor-widget-container\">\n\t\t\t\t\t\t\t\t\t<div class=\"elementor-button-wrapper\">\n\t\t\t\t\t<a class=\"elementor-button elementor-button-link elementor-size-xl\" href=\"https:\/\/quant-boats.com\/en\/qfx\/\">\n\t\t\t\t\t\t<span class=\"elementor-button-content-wrapper\">\n\t\t\t\t\t\t\t\t\t<span class=\"elementor-button-text\">QuantFX <\/span>\n\t\t\t\t\t<\/span>\n\t\t\t\t\t<\/a>\n\t\t\t\t<\/div>\n\t\t\t\t\t\t\t\t<\/div>\n\t\t\t\t<\/div>\n\t\t\t\t<div class=\"elementor-element elementor-element-7ad3d79 elementor-widget__width-initial elementor-align-center full-width-button elementor-widget-mobile__width-initial elementor-widget elementor-widget-button\" data-id=\"7ad3d79\" data-element_type=\"widget\" data-widget_type=\"button.default\">\n\t\t\t\t<div class=\"elementor-widget-container\">\n\t\t\t\t\t\t\t\t\t<div class=\"elementor-button-wrapper\">\n\t\t\t\t\t<a class=\"elementor-button elementor-button-link elementor-size-xl\" href=\"https:\/\/quant-boats.com\/en\/quantgt\/\">\n\t\t\t\t\t\t<span class=\"elementor-button-content-wrapper\">\n\t\t\t\t\t\t\t\t\t<span class=\"elementor-button-text\">Quant GT<\/span>\n\t\t\t\t\t<\/span>\n\t\t\t\t\t<\/a>\n\t\t\t\t<\/div>\n\t\t\t\t\t\t\t\t<\/div>\n\t\t\t\t<\/div>\n\t\t\t\t<div class=\"elementor-element elementor-element-7460676 elementor-widget__width-initial elementor-align-center full-width-button elementor-widget-mobile__width-initial elementor-hidden-phone elementor-widget elementor-widget-button\" data-id=\"7460676\" data-element_type=\"widget\" data-widget_type=\"button.default\">\n\t\t\t\t<div class=\"elementor-widget-container\">\n\t\t\t\t\t\t\t\t\t<div class=\"elementor-button-wrapper\">\n\t\t\t\t\t<a class=\"elementor-button elementor-size-xl\" role=\"button\">\n\t\t\t\t\t\t<span class=\"elementor-button-content-wrapper\">\n\t\t\t\t\t\t\t\t\t<span class=\"elementor-button-text\">1<\/span>\n\t\t\t\t\t<\/span>\n\t\t\t\t\t<\/a>\n\t\t\t\t<\/div>\n\t\t\t\t\t\t\t\t<\/div>\n\t\t\t\t<\/div>\n\t\t\t\t\t<\/div>\n\t\t<\/div>\n\t\t\t\t\t<\/div>\n\t\t<\/section>\n\t\t\t\t\t<\/div>\n\t\t<\/div>\n\t\t\t\t\t<\/div>\n\t\t<\/section>\n\t\t\t\t<section class=\"elementor-section elementor-top-section elementor-element elementor-element-706e6c0 elementor-section-boxed elementor-section-height-default elementor-section-height-default\" data-id=\"706e6c0\" data-element_type=\"section\">\n\t\t\t\t\t\t<div class=\"elementor-container elementor-column-gap-default\">\n\t\t\t\t\t<div class=\"elementor-column elementor-col-50 elementor-top-column elementor-element elementor-element-d075167 elementor-invisible\" data-id=\"d075167\" data-element_type=\"column\" data-settings=\"{&quot;background_background&quot;:&quot;classic&quot;,&quot;animation&quot;:&quot;fadeInRight&quot;,&quot;animation_delay&quot;:0}\">\n\t\t\t<div class=\"elementor-widget-wrap elementor-element-populated\">\n\t\t\t\t\t\t<div class=\"elementor-element elementor-element-7ea6c5b elementor-widget elementor-widget-heading\" data-id=\"7ea6c5b\" data-element_type=\"widget\" data-widget_type=\"heading.default\">\n\t\t\t\t<div class=\"elementor-widget-container\">\n\t\t\t\t\t<h3 class=\"elementor-heading-title elementor-size-default\">Short portrait \nQuant GT<\/h3>\t\t\t\t<\/div>\n\t\t\t\t<\/div>\n\t\t\t\t\t<\/div>\n\t\t<\/div>\n\t\t\t\t<div class=\"elementor-column elementor-col-50 elementor-top-column elementor-element elementor-element-72381db\" data-id=\"72381db\" data-element_type=\"column\">\n\t\t\t<div class=\"elementor-widget-wrap elementor-element-populated\">\n\t\t\t\t\t\t<div class=\"elementor-element elementor-element-6952bec elementor-widget elementor-widget-text-editor\" data-id=\"6952bec\" data-element_type=\"widget\" data-widget_type=\"text-editor.default\">\n\t\t\t\t<div class=\"elementor-widget-container\">\n\t\t\t\t\t\t\t\t\t<p>In automotive history, the abbreviation GT (Gran Turismo) is used for sporty automobiles that - derived from racing cars - were converted to participate in endurance races: Still very well powered, but more comfortable and close to being suitable for everyday use. <br \/>The latest Quant with the type designation GT will therefore be a fast boat, but conceptually not everything is subordinated to the pure performance dictate. Staying on the boat is relaxing and sailing with friends or family is an experience even in light conditions - boredom does not arise on this boat.<\/p><p><strong>For exciting regattas with chances for front places, typical Quant GT sailors are still or always to be won. DSS boats like the QGT are not only superior to comparable modern, conventional designs, they are also easier to control and are characterized by refined and balanced behavior.<br \/><\/strong><\/p><p>The new boat with DSS foils in 33 feet (10 m) for lakes and coast benefits from the wealth of experience gained over the last 13 years. The QGT is the latest in a generation of new foil-assisted DSS boats designed by Hugh Welbourn in collaboration with QuantBoats. All relevant knowledge of the design team flows into the current project.<\/p><p>With the <a href=\"https:\/\/www.youtube.com\/watch?v=ie-8uQPKOxE\">Infiniti 46R<\/a> with DSS support, a very successful foundation stone was laid and the first of five further <a href=\"https:\/\/infinitiyachts.com\/boats\/infiniti-52\/\">52 feet DSS yachts<\/a> is about to be launched. Steering the Inshore Know-How <a href=\"https:\/\/quant-boats.com\/en\/quant28\/\">Q28<\/a> and <a href=\"https:\/\/quant-boats.com\/en\/quant30\/\">Q30<\/a> two successful small racing machines.<\/p><p><strong>The Quant GT is specially designed for Central European inland waters with their rapidly changing wind conditions. Thanks to DSS foils, water ballast and a flexible sail plan, she can handle the entire wind range from \"amabile\" to \"fuoco\". <a href=\"https:\/\/youtu.be\/v33lZfEWkdY\">Clip of a Q30<\/a> - a relative of the <\/strong><strong>Quant GT shows.\u00a0<\/strong><\/p><p>With this modern yacht - which is more about understatement than \"show off\" - we address enthusiastic sailors who enjoy dynamic movement and a sporty elegant appearance. On board you appreciate functional comfort paired with energy-saving handling. You don't mind an \"implied\" cabin, because you know from many years of experience how often you miss it in the end when it is missing. In addition, you have lost the desire to squeeze into \"heavy equipment\" already on land even if the weather shows little desire to tilt.<\/p><p><strong>Still - a fast, agile and balanced boat is right up your alley. <br \/>One like the Quant GT.<br \/><\/strong><\/p>\t\t\t\t\t\t\t\t<\/div>\n\t\t\t\t<\/div>\n\t\t\t\t\t<\/div>\n\t\t<\/div>\n\t\t\t\t\t<\/div>\n\t\t<\/section>\n\t\t\t\t<section class=\"elementor-section elementor-top-section elementor-element elementor-element-45341687 elementor-section-boxed elementor-section-height-default elementor-section-height-default\" data-id=\"45341687\" data-element_type=\"section\">\n\t\t\t\t\t\t<div class=\"elementor-container elementor-column-gap-default\">\n\t\t\t\t\t<div class=\"elementor-column elementor-col-100 elementor-top-column elementor-element elementor-element-799791e6\" data-id=\"799791e6\" data-element_type=\"column\">\n\t\t\t<div class=\"elementor-widget-wrap elementor-element-populated\">\n\t\t\t\t\t\t<div class=\"elementor-element elementor-element-3d693e45 elementor-widget elementor-widget-gallery\" data-id=\"3d693e45\" data-element_type=\"widget\" data-settings=\"{&quot;columns&quot;:3,&quot;lazyload&quot;:&quot;yes&quot;,&quot;gallery_layout&quot;:&quot;grid&quot;,&quot;columns_tablet&quot;:2,&quot;columns_mobile&quot;:1,&quot;gap&quot;:{&quot;unit&quot;:&quot;px&quot;,&quot;size&quot;:10,&quot;sizes&quot;:[]},&quot;gap_tablet&quot;:{&quot;unit&quot;:&quot;px&quot;,&quot;size&quot;:10,&quot;sizes&quot;:[]},&quot;gap_mobile&quot;:{&quot;unit&quot;:&quot;px&quot;,&quot;size&quot;:10,&quot;sizes&quot;:[]},&quot;link_to&quot;:&quot;file&quot;,&quot;aspect_ratio&quot;:&quot;3:2&quot;,&quot;overlay_background&quot;:&quot;yes&quot;,&quot;content_hover_animation&quot;:&quot;fade-in&quot;}\" data-widget_type=\"gallery.default\">\n\t\t\t\t<div class=\"elementor-widget-container\">\n\t\t\t\t\t\t\t<div class=\"elementor-gallery__container\">\n\t\t\t\t\t\t\t<a class=\"e-gallery-item elementor-gallery-item elementor-animated-content\" href=\"https:\/\/quant-boats.com\/wp-content\/uploads\/2021\/05\/v4-hull2-ga-1c-3.jpg\" data-elementor-open-lightbox=\"yes\" data-elementor-lightbox-slideshow=\"3d693e45\" data-elementor-lightbox-title=\"v4 hull2 ga 1c 3\" data-e-action-hash=\"#elementor-action%3Aaction%3Dlightbox%26settings%3DeyJpZCI6MzIxNCwidXJsIjoiaHR0cHM6XC9cL3F1YW50LWJvYXRzLmNvbVwvd3AtY29udGVudFwvdXBsb2Fkc1wvMjAyMVwvMDVcL3Y0LWh1bGwyLWdhLTFjLTMuanBnIiwic2xpZGVzaG93IjoiM2Q2OTNlNDUifQ%3D%3D\">\n\t\t\t\t\t<div class=\"e-gallery-image elementor-gallery-item__image\" data-thumbnail=\"https:\/\/quant-boats.com\/wp-content\/uploads\/2021\/05\/v4-hull2-ga-1c-3-300x186.jpg\" data-width=\"300\" data-height=\"186\" aria-label=\"\" role=\"img\" ><\/div>\n\t\t\t\t\t\t\t\t\t\t\t<div class=\"elementor-gallery-item__overlay\"><\/div>\n\t\t\t\t\t\t\t\t\t\t\t\t\t\t<\/a>\n\t\t\t\t\t\t\t<a class=\"e-gallery-item elementor-gallery-item elementor-animated-content\" href=\"https:\/\/quant-boats.com\/wp-content\/uploads\/2021\/05\/v4-hull2-ga-1c-2.jpg\" data-elementor-open-lightbox=\"yes\" data-elementor-lightbox-slideshow=\"3d693e45\" data-elementor-lightbox-title=\"v4 hull2 ga 1c 2\" data-e-action-hash=\"#elementor-action%3Aaction%3Dlightbox%26settings%3DeyJpZCI6MzIxMywidXJsIjoiaHR0cHM6XC9cL3F1YW50LWJvYXRzLmNvbVwvd3AtY29udGVudFwvdXBsb2Fkc1wvMjAyMVwvMDVcL3Y0LWh1bGwyLWdhLTFjLTIuanBnIiwic2xpZGVzaG93IjoiM2Q2OTNlNDUifQ%3D%3D\">\n\t\t\t\t\t<div class=\"e-gallery-image elementor-gallery-item__image\" data-thumbnail=\"https:\/\/quant-boats.com\/wp-content\/uploads\/2021\/05\/v4-hull2-ga-1c-2-300x186.jpg\" data-width=\"300\" data-height=\"186\" aria-label=\"\" role=\"img\" ><\/div>\n\t\t\t\t\t\t\t\t\t\t\t<div class=\"elementor-gallery-item__overlay\"><\/div>\n\t\t\t\t\t\t\t\t\t\t\t\t\t\t<\/a>\n\t\t\t\t\t\t\t<a class=\"e-gallery-item elementor-gallery-item elementor-animated-content\" href=\"https:\/\/quant-boats.com\/wp-content\/uploads\/2021\/05\/v4-hull2-ga-1c-3-ga.jpg\" data-elementor-open-lightbox=\"yes\" data-elementor-lightbox-slideshow=\"3d693e45\" data-elementor-lightbox-title=\"v4 hull2 ga 1c 3 ga\" data-e-action-hash=\"#elementor-action%3Aaction%3Dlightbox%26settings%3DeyJpZCI6MzIxNiwidXJsIjoiaHR0cHM6XC9cL3F1YW50LWJvYXRzLmNvbVwvd3AtY29udGVudFwvdXBsb2Fkc1wvMjAyMVwvMDVcL3Y0LWh1bGwyLWdhLTFjLTMtZ2EuanBnIiwic2xpZGVzaG93IjoiM2Q2OTNlNDUifQ%3D%3D\">\n\t\t\t\t\t<div class=\"e-gallery-image elementor-gallery-item__image\" data-thumbnail=\"https:\/\/quant-boats.com\/wp-content\/uploads\/2021\/05\/v4-hull2-ga-1c-3-ga-300x167.jpg\" data-width=\"300\" data-height=\"167\" aria-label=\"\" role=\"img\" ><\/div>\n\t\t\t\t\t\t\t\t\t\t\t<div class=\"elementor-gallery-item__overlay\"><\/div>\n\t\t\t\t\t\t\t\t\t\t\t\t\t\t<\/a>\n\t\t\t\t\t<\/div>\n\t\t\t\t\t<\/div>\n\t\t\t\t<\/div>\n\t\t\t\t\t<\/div>\n\t\t<\/div>\n\t\t\t\t\t<\/div>\n\t\t<\/section>\n\t\t\t\t<section class=\"elementor-section elementor-top-section elementor-element elementor-element-3f057b1 elementor-section-boxed elementor-section-height-default elementor-section-height-default\" data-id=\"3f057b1\" data-element_type=\"section\" data-settings=\"{&quot;background_background&quot;:&quot;classic&quot;}\">\n\t\t\t\t\t\t<div class=\"elementor-container elementor-column-gap-default\">\n\t\t\t\t\t<div class=\"elementor-column elementor-col-50 elementor-top-column elementor-element elementor-element-2ad241db\" data-id=\"2ad241db\" data-element_type=\"column\" data-settings=\"{&quot;background_background&quot;:&quot;classic&quot;}\">\n\t\t\t<div class=\"elementor-widget-wrap elementor-element-populated\">\n\t\t\t\t\t\t<div class=\"elementor-element elementor-element-3e06c902 elementor-widget elementor-widget-heading\" data-id=\"3e06c902\" data-element_type=\"widget\" data-widget_type=\"heading.default\">\n\t\t\t\t<div class=\"elementor-widget-container\">\n\t\t\t\t\t<h4 class=\"elementor-heading-title elementor-size-default\">Contact us<\/h4>\t\t\t\t<\/div>\n\t\t\t\t<\/div>\n\t\t\t\t<div class=\"elementor-element elementor-element-49b3e814 elementor-widget elementor-widget-text-editor\" data-id=\"49b3e814\" data-element_type=\"widget\" data-widget_type=\"text-editor.default\">\n\t\t\t\t<div class=\"elementor-widget-container\">\n\t\t\t\t\t\t\t\t\t<p>The topic \"Foils\" is still very new for many - we are happy to share our knowledge and experience with you.<\/p>\t\t\t\t\t\t\t\t<\/div>\n\t\t\t\t<\/div>\n\t\t\t\t<div class=\"elementor-element elementor-element-a04f6e8 elementor-widget elementor-widget-button\" data-id=\"a04f6e8\" data-element_type=\"widget\" data-widget_type=\"button.default\">\n\t\t\t\t<div class=\"elementor-widget-container\">\n\t\t\t\t\t\t\t\t\t<div class=\"elementor-button-wrapper\">\n\t\t\t\t\t<a class=\"elementor-button elementor-button-link elementor-size-md\" href=\"https:\/\/quant-boats.com\/en\/kontakt\/\">\n\t\t\t\t\t\t<span class=\"elementor-button-content-wrapper\">\n\t\t\t\t\t\t\t\t\t<span class=\"elementor-button-text\">CONTACT<\/span>\n\t\t\t\t\t<\/span>\n\t\t\t\t\t<\/a>\n\t\t\t\t<\/div>\n\t\t\t\t\t\t\t\t<\/div>\n\t\t\t\t<\/div>\n\t\t\t\t\t<\/div>\n\t\t<\/div>\n\t\t\t\t<div class=\"elementor-column elementor-col-50 elementor-top-column elementor-element elementor-element-1c46b09a elementor-hidden-phone\" data-id=\"1c46b09a\" data-element_type=\"column\" data-settings=\"{&quot;background_background&quot;:&quot;classic&quot;}\">\n\t\t\t<div class=\"elementor-widget-wrap\">\n\t\t\t\t\t\t\t<\/div>\n\t\t<\/div>\n\t\t\t\t\t<\/div>\n\t\t<\/section>\n\t\t\t\t<\/div>","protected":false},"excerpt":{"rendered":"<p>Projekte die wir umgesetzt haben INTRO Quant 28 Quant 30 Quant 23 Quant 17 QuantFX Quant GT 1 Kurzportrait der Quant GT Automobilgeschichtlich wird das K\u00fcrzel GT (Gran Turismo) verwendet f\u00fcr sportliche Automobile, die &#8211; abgeleitet von Rennfahrzeugen &#8211; umger\u00fcstet wurden, um an Langstreckenrennen teilzunehmen: Immer noch sehr gut motorisiert, jedoch komfortabler und nahe an [&hellip;]<\/p>\n","protected":false},"author":1,"featured_media":0,"parent":0,"menu_order":0,"comment_status":"closed","ping_status":"closed","template":"elementor_header_footer","meta":{"_seopress_robots_primary_cat":"","_seopress_titles_title":"Projekt Quant GT - ein Foiler als Gran Turismo","_seopress_titles_desc":"Diese neue Quant wird schnell sein aber es soll nicht alles auf und an dem Boot einem einseitigen oder reinen Performance Ziel untergeordnet werden.","_seopress_robots_index":"","footnotes":""},"folder":[],"class_list":["post-1174","page","type-page","status-publish","hentry"],"_links":{"self":[{"href":"https:\/\/quant-boats.com\/en\/wp-json\/wp\/v2\/pages\/1174","targetHints":{"allow":["GET"]}}],"collection":[{"href":"https:\/\/quant-boats.com\/en\/wp-json\/wp\/v2\/pages"}],"about":[{"href":"https:\/\/quant-boats.com\/en\/wp-json\/wp\/v2\/types\/page"}],"author":[{"embeddable":true,"href":"https:\/\/quant-boats.com\/en\/wp-json\/wp\/v2\/users\/1"}],"replies":[{"embeddable":true,"href":"https:\/\/quant-boats.com\/en\/wp-json\/wp\/v2\/comments?post=1174"}],"version-history":[{"count":5,"href":"https:\/\/quant-boats.com\/en\/wp-json\/wp\/v2\/pages\/1174\/revisions"}],"predecessor-version":[{"id":4602,"href":"https:\/\/quant-boats.com\/en\/wp-json\/wp\/v2\/pages\/1174\/revisions\/4602"}],"wp:attachment":[{"href":"https:\/\/quant-boats.com\/en\/wp-json\/wp\/v2\/media?parent=1174"}],"wp:term":[{"taxonomy":"folder","embeddable":true,"href":"https:\/\/quant-boats.com\/en\/wp-json\/wp\/v2\/folder?post=1174"}],"curies":[{"name":"wp","href":"https:\/\/api.w.org\/{rel}","templated":true}]}}