{"id":2732,"date":"2021-03-22T17:55:40","date_gmt":"2021-03-22T17:55:40","guid":{"rendered":"https:\/\/quant.aretis.ch\/?page_id=2732"},"modified":"2021-05-06T05:42:53","modified_gmt":"2021-05-06T05:42:53","slug":"ueber-quant-boats","status":"publish","type":"page","link":"https:\/\/quant-boats.com\/en\/ueber-quant-boats\/","title":{"rendered":"About Quant Boats"},"content":{"rendered":"","protected":false},"excerpt":{"rendered":"","protected":false},"author":1,"featured_media":0,"parent":0,"menu_order":0,"comment_status":"closed","ping_status":"closed","template":"","meta":{"_seopress_robots_primary_cat":"","_seopress_titles_title":"\u00dcber Quant Boats - die Gr\u00fcnder und Entwickler \u00fcber das Gef\u00fchl des Foilens","_seopress_titles_desc":"\r\n\u00dcber die Entstehung von Quant Boats, die Inhaber und Gr\u00fcnder Michael Aeppli und Maximilian Schmid: Wie es zur Entwicklung des ersten Foiling-Boots kam.","_seopress_robots_index":"","footnotes":""},"folder":[],"class_list":["post-2732","page","type-page","status-publish","hentry"],"_links":{"self":[{"href":"https:\/\/quant-boats.com\/en\/wp-json\/wp\/v2\/pages\/2732","targetHints":{"allow":["GET"]}}],"collection":[{"href":"https:\/\/quant-boats.com\/en\/wp-json\/wp\/v2\/pages"}],"about":[{"href":"https:\/\/quant-boats.com\/en\/wp-json\/wp\/v2\/types\/page"}],"author":[{"embeddable":true,"href":"https:\/\/quant-boats.com\/en\/wp-json\/wp\/v2\/users\/1"}],"replies":[{"embeddable":true,"href":"https:\/\/quant-boats.com\/en\/wp-json\/wp\/v2\/comments?post=2732"}],"version-history":[{"count":1,"href":"https:\/\/quant-boats.com\/en\/wp-json\/wp\/v2\/pages\/2732\/revisions"}],"predecessor-version":[{"id":2734,"href":"https:\/\/quant-boats.com\/en\/wp-json\/wp\/v2\/pages\/2732\/revisions\/2734"}],"wp:attachment":[{"href":"https:\/\/quant-boats.com\/en\/wp-json\/wp\/v2\/media?parent=2732"}],"wp:term":[{"taxonomy":"folder","embeddable":true,"href":"https:\/\/quant-boats.com\/en\/wp-json\/wp\/v2\/folder?post=2732"}],"curies":[{"name":"wp","href":"https:\/\/api.w.org\/{rel}","templated":true}]}}